{"id":704,"date":"2016-08-28T15:19:40","date_gmt":"2016-08-28T13:19:40","guid":{"rendered":"http:\/\/globeplant.nl\/?page_id=704"},"modified":"2019-10-29T14:43:05","modified_gmt":"2019-10-29T12:43:05","slug":"sierteelt","status":"publish","type":"page","link":"https:\/\/globeplant.nl\/fr\/onze-producten\/sierteelt\/","title":{"rendered":"Fleurs \u00e0 couper"},"content":{"rendered":"<p><img loading=\"lazy\" decoding=\"async\" class=\"alignright wp-image-694 size-medium\" src=\"https:\/\/globeplant.nl\/wp-content\/uploads\/2016\/07\/Zomerbloemen-400x400.png\" alt=\"Snijbloemen\" width=\"400\" height=\"400\" srcset=\"https:\/\/globeplant.nl\/wp-content\/uploads\/2016\/07\/Zomerbloemen-400x400.png 400w, https:\/\/globeplant.nl\/wp-content\/uploads\/2016\/07\/Zomerbloemen-432x432.png 432w, https:\/\/globeplant.nl\/wp-content\/uploads\/2016\/07\/Zomerbloemen-268x268.png 268w, https:\/\/globeplant.nl\/wp-content\/uploads\/2016\/07\/Zomerbloemen-700x700.png 700w, https:\/\/globeplant.nl\/wp-content\/uploads\/2016\/07\/Zomerbloemen.png 800w\" sizes=\"auto, (max-width: 400px) 100vw, 400px\" \/><\/p>\n<p>Globe Plant est une entreprise familiale innovante et durable.<\/p>\n<p>Depuis plus de 55 ans, nous fournissons du mat\u00e9riel initial de premi\u00e8re qualit\u00e9 obtenu \u00e0 partir de semences. Vos souhaits, conjugu\u00e9s \u00e0 notre savoir-faire et notre exp\u00e9rience, sont le gage d\u2019une culture optimale sur votre exploitation.<\/p>\n<h2>Le d\u00e9marrage de culture, du travail sur mesure<\/h2>\n<p>Tout au long de l\u2019ann\u00e9e, nous sommes en mesure d\u2019assurer le d\u00e9marrage de la culture de mat\u00e9riel initial pour les fleurs \u00e0 couper et sa livraison. Nous sommes le sp\u00e9cialiste des:<\/p>\n<ul>\n<li>Antirrhinum<\/li>\n<li>Campanula<\/li>\n<li>Matthiola<\/li>\n<li>Panicum<\/li>\n<li>Tanacetum<\/li>\n<\/ul>\n<p>Nous vous proposons toute une s\u00e9rie de possibilit\u00e9s pour votre culture, telles que taille du plant, tri, diff\u00e9rents types de bouchons, etc. En concertation, nous adaptons le mode de d\u00e9marrage \u00e0 vos souhaits.<\/p>\n<p>Cultiver des plants, c\u2019est ma\u00eetriser continuellement le processus tout en restant toujours tourn\u00e9 vers l\u2019avenir. Au moyen des r\u00e9gulations \u00e0 la pointe de la technologie du climat et de l\u2019apport d\u2019engrais, de filets anti-insectes, d\u2019\u00e9clairage et de sols de culture lisses, nous assurons une croissance optimale des jeunes plants. \u00c9videmment en association avec les derni\u00e8res machines de manipulation et logistiques ainsi qu\u2019avec notre savoir-faire.<\/p>\n<h2>Durabilit\u00e9<\/h2>\n<p>Nous nous distinguons par une approche culturale durable et hygi\u00e9nique. Au d\u00e9marrage, tous vos plants sont cultiv\u00e9s avec la g\u00e9othermie et suivant les protocoles d\u2019hygi\u00e8ne.<\/p>\n<h2>Fiabilit\u00e9<\/h2>\n<p>Nous respectons nos engagements. Nous vous garantissons le niveau de qualit\u00e9 le plus \u00e9lev\u00e9, \u00e0 un juste prix, \u00e0 la date et \u00e0 l\u2019heure convenues. Comme nous sommes une entreprise \u00e0 structure faiblement hi\u00e9rarchis\u00e9e, vous entrez directement en contact avec la bonne personne, comp\u00e9tente en la mati\u00e8re.<\/p>\n<h2>L\u2019importance de la gestion des relations<\/h2>\n<p>Voir par vous-m\u00eame notre entreprise? Globe Plant se fait un plaisir de vous inviter \u00e0 la visiter.<\/p>\n<p>Notre repr\u00e9sentants vous attendent:<\/p>\n<ul>\n<li><a href=\"mailto:jan.noordam@globeplant.nl\">Jan Noordam<\/a>: +31 651 55 52 93 (West-Europa)<\/li>\n<li><a href=\"mailto:nic.straathof@globeplant.nl\">Nic Straathof<\/a>: +31 643 35 91 11\u00a0(West-Europa)<\/li>\n<li><a href=\"mailto:rene.van.berlo@globeplant.nl\">Ren\u00e9 van Berlo<\/a>: +31 634 814 007<a href=\"mailto:rene.van.berlo@globeplant.nl\">\u00a0<\/a>(Zuid &amp; Oost-Europa)<\/li>\n<\/ul>\n<p><\/p>","protected":false},"excerpt":{"rendered":"<p>Globe Plant est une entreprise familiale innovante et durable. Depuis plus de 55 ans, nous fournissons du mat\u00e9riel initial de premi\u00e8re qualit\u00e9 obtenu \u00e0 partir de semences. Vos souhaits, conjugu\u00e9s \u00e0 notre savoir-faire et notre exp\u00e9rience, sont le gage d\u2019une culture optimale sur votre exploitation. Le d\u00e9marrage de culture, du &#8230;<\/p>\n","protected":false},"author":1,"featured_media":0,"parent":111,"menu_order":0,"comment_status":"closed","ping_status":"closed","template":"","meta":{"footnotes":""},"class_list":["post-704","page","type-page","status-publish","hentry","column","twocol"],"_links":{"self":[{"href":"https:\/\/globeplant.nl\/fr\/wp-json\/wp\/v2\/pages\/704","targetHints":{"allow":["GET"]}}],"collection":[{"href":"https:\/\/globeplant.nl\/fr\/wp-json\/wp\/v2\/pages"}],"about":[{"href":"https:\/\/globeplant.nl\/fr\/wp-json\/wp\/v2\/types\/page"}],"author":[{"embeddable":true,"href":"https:\/\/globeplant.nl\/fr\/wp-json\/wp\/v2\/users\/1"}],"replies":[{"embeddable":true,"href":"https:\/\/globeplant.nl\/fr\/wp-json\/wp\/v2\/comments?post=704"}],"version-history":[{"count":28,"href":"https:\/\/globeplant.nl\/fr\/wp-json\/wp\/v2\/pages\/704\/revisions"}],"predecessor-version":[{"id":1740,"href":"https:\/\/globeplant.nl\/fr\/wp-json\/wp\/v2\/pages\/704\/revisions\/1740"}],"up":[{"embeddable":true,"href":"https:\/\/globeplant.nl\/fr\/wp-json\/wp\/v2\/pages\/111"}],"wp:attachment":[{"href":"https:\/\/globeplant.nl\/fr\/wp-json\/wp\/v2\/media?parent=704"}],"curies":[{"name":"wp","href":"https:\/\/api.w.org\/{rel}","templated":true}]}}