{"id":45,"date":"2016-01-03T13:36:49","date_gmt":"2016-01-03T12:36:49","guid":{"rendered":"http:\/\/127.0.0.1:8080\/wordpress\/?page_id=45"},"modified":"2026-02-03T13:41:54","modified_gmt":"2026-02-03T11:41:54","slug":"duurzaam","status":"publish","type":"page","link":"https:\/\/globeplant.nl\/fr\/duurzaam\/","title":{"rendered":"Durabilit\u00e9"},"content":{"rendered":"<p><img loading=\"lazy\" decoding=\"async\" class=\"wp-image-266 size-medium alignright\" src=\"https:\/\/globeplant.nl\/wp-content\/uploads\/2016\/01\/boortoren-300x300.png\" alt=\"Boortoren aardwarmte, voor duurzaam opkweken\" width=\"300\" height=\"300\" \/>Nous sommes le premier producteur de plants aux Pays-Bas \u00e0 travailler durablement en utilisant de l\u2019\u00e9nergie verte. En 2016, nous sommes pass\u00e9s \u00e0 la g\u00e9othermie sur toute l\u2019exploitation. C\u2019est une source d\u2019\u00e9nergie durable, in\u00e9puisable qui ne pollue ni n\u2019impacte l\u2019environnement.<\/p>\n<p>Globe Plant est co-initiateur de Geo-Well et du projet g\u00e9othermique \u00e0 Vierpolders.<\/p>\n<h2>Protection durable des v\u00e9g\u00e9taux<\/h2>\n<p>Nous appliquons la protection int\u00e9gr\u00e9e des plantes\u00a0; l\u00e0 o\u00f9 c\u2019est possible, nous faisons appel aux ennemis naturels pour lutter contre les maladies et les ravageurs. Tous nos ch\u00e2ssis d\u2019a\u00e9ration sont \u00e9quip\u00e9s de filets anti-insectes afin de diminuer la pression infectieuse et de r\u00e9duire l\u2019utilisation de produits phytosanitaires. Nous mettons tout en \u0153uvre pour maintenir les jeunes plants propres.<\/p>\n<p>Globe Plant poss\u00e8de les certificats MPS-A- et Global Gap (PPM), garanties de la s\u00e9curit\u00e9 alimentaire et de la durabilit\u00e9.<\/p>\n<h2>Politique durable du personnel<\/h2>\n<p>Globe Plant met la durabilit\u00e9 en pratique au niveau de la politique du personnel. Des exemples\u00a0? Nous proposons du travail aux personnes d\u2019un centre d\u2019aide au travail. Les collaborateurs de l\u2019atelier greffage d\u00e9terminent eux-m\u00eames leurs propres horaires de travail afin de pouvoir mieux concilier travail et famille.<\/p>\n<p>Une politique durable du personnel est payante. De nombreux collaborateurs travaillent chez nous depuis des ann\u00e9es, ce qui g\u00e9n\u00e8re pour Globe Plant une fiabilit\u00e9 et un savoir-faire pr\u00e9cieux.<\/p>\n<h6><span style=\"text-decoration: underline;\"><img loading=\"lazy\" decoding=\"async\" class=\"wp-image-262 size-full alignleft\" src=\"https:\/\/globeplant.nl\/wp-content\/uploads\/2016\/01\/paul.png\" alt=\"Paul Grootscholten, streeft naar zo duurzaam mogelijk opkweken\" width=\"200\" height=\"200\" srcset=\"https:\/\/globeplant.nl\/wp-content\/uploads\/2016\/01\/paul.png 200w, https:\/\/globeplant.nl\/wp-content\/uploads\/2016\/01\/paul-150x150.png 150w\" sizes=\"auto, (max-width: 200px) 100vw, 200px\" \/>Paul Grootscholten:<\/span>\u00a0<em>\u00ab\u00a0Aux Pays-Bas, la g\u00e9othermie est encore relativement nouvelle. C\u2019est une alternative \u00e0 l\u2019\u00e9nergie fossile, qui est durable et respectueuse de l\u2019environnement. Elle nous a permis de r\u00e9duire notre consommation de gaz naturel de 90 % et l\u2019\u00e9mission de CO2 de 20 %.\u00a0\u00bb<\/em><\/h6>\n<p>&nbsp;<\/p>","protected":false},"excerpt":{"rendered":"<p>Nous sommes le premier producteur de plants aux Pays-Bas \u00e0 travailler durablement en utilisant de l\u2019\u00e9nergie verte. En 2016, nous sommes pass\u00e9s \u00e0 la g\u00e9othermie sur toute l\u2019exploitation. C\u2019est une source d\u2019\u00e9nergie durable, in\u00e9puisable qui ne pollue ni n\u2019impacte l\u2019environnement. Globe Plant est co-initiateur de Geo-Well et du projet g\u00e9othermique &#8230;<\/p>\n","protected":false},"author":1,"featured_media":202,"parent":0,"menu_order":0,"comment_status":"closed","ping_status":"closed","template":"","meta":{"footnotes":""},"class_list":["post-45","page","type-page","status-publish","has-post-thumbnail","hentry","column","twocol","has-thumbnail"],"_links":{"self":[{"href":"https:\/\/globeplant.nl\/fr\/wp-json\/wp\/v2\/pages\/45","targetHints":{"allow":["GET"]}}],"collection":[{"href":"https:\/\/globeplant.nl\/fr\/wp-json\/wp\/v2\/pages"}],"about":[{"href":"https:\/\/globeplant.nl\/fr\/wp-json\/wp\/v2\/types\/page"}],"author":[{"embeddable":true,"href":"https:\/\/globeplant.nl\/fr\/wp-json\/wp\/v2\/users\/1"}],"replies":[{"embeddable":true,"href":"https:\/\/globeplant.nl\/fr\/wp-json\/wp\/v2\/comments?post=45"}],"version-history":[{"count":16,"href":"https:\/\/globeplant.nl\/fr\/wp-json\/wp\/v2\/pages\/45\/revisions"}],"predecessor-version":[{"id":2347,"href":"https:\/\/globeplant.nl\/fr\/wp-json\/wp\/v2\/pages\/45\/revisions\/2347"}],"wp:featuredmedia":[{"embeddable":true,"href":"https:\/\/globeplant.nl\/fr\/wp-json\/"}],"wp:attachment":[{"href":"https:\/\/globeplant.nl\/fr\/wp-json\/wp\/v2\/media?parent=45"}],"curies":[{"name":"wp","href":"https:\/\/api.w.org\/{rel}","templated":true}]}}