{"id":42,"date":"2016-01-03T13:35:28","date_gmt":"2016-01-03T12:35:28","guid":{"rendered":"http:\/\/127.0.0.1:8080\/wordpress\/?page_id=42"},"modified":"2023-11-07T17:41:44","modified_gmt":"2023-11-07T15:41:44","slug":"hygiene","status":"publish","type":"page","link":"https:\/\/globeplant.nl\/fr\/hygiene\/","title":{"rendered":"Protocole d\u2019hygi\u00e8ne"},"content":{"rendered":"<p><img loading=\"lazy\" decoding=\"async\" class=\"alignright wp-image-279 size-full\" src=\"https:\/\/globeplant.nl\/wp-content\/uploads\/2016\/01\/hygiene-e1455552200427.png\" alt=\"Schoen op ontsmettingstoestel, onderdeel hygi\u00ebne protocol\" width=\"400\" height=\"400\" \/>Hygi\u00e8ne rigoureuse. Un d\u00e9marrage parfait de votre culture commence par des plants garantis sains. Globe Plant pousse les plantes extr\u00eamement hygi\u00e9nique, selon des protocoles stricts.<\/p>\n<h2>Protocoles stricts<\/h2>\n<p>Travailler de mani\u00e8re hygi\u00e9nique signifie concr\u00e8tement chez nous entre autres\u00a0:<\/p>\n<ul>\n<li>des flux s\u00e9par\u00e9s de produits (le propre et le sale ne se croisent pas)<\/li>\n<li>chaque jour, des v\u00eatements de travail propres pour les employ\u00e9s comme pour les visiteurs<\/li>\n<li>des sas de d\u00e9sinfection des chaussures et des mains<\/li>\n<li>une d\u00e9sinfection minutieuse des mat\u00e9riels, des couteaux greffoirs jusqu\u2019aux f\u00fbts et moyens de transport<\/li>\n<li>des formations (pratiques) du personnel<\/li>\n<\/ul>\n<h6><\/h6>\n<p><\/p>","protected":false},"excerpt":{"rendered":"<p>Hygi\u00e8ne rigoureuse. Un d\u00e9marrage parfait de votre culture commence par des plants garantis sains. Globe Plant pousse les plantes extr\u00eamement hygi\u00e9nique, selon des protocoles stricts. Protocoles stricts Travailler de mani\u00e8re hygi\u00e9nique signifie concr\u00e8tement chez nous entre autres\u00a0: des flux s\u00e9par\u00e9s de produits (le propre et le sale ne se croisent &#8230;<\/p>\n","protected":false},"author":1,"featured_media":0,"parent":0,"menu_order":0,"comment_status":"closed","ping_status":"closed","template":"","meta":{"footnotes":""},"class_list":["post-42","page","type-page","status-publish","hentry","column","twocol"],"_links":{"self":[{"href":"https:\/\/globeplant.nl\/fr\/wp-json\/wp\/v2\/pages\/42","targetHints":{"allow":["GET"]}}],"collection":[{"href":"https:\/\/globeplant.nl\/fr\/wp-json\/wp\/v2\/pages"}],"about":[{"href":"https:\/\/globeplant.nl\/fr\/wp-json\/wp\/v2\/types\/page"}],"author":[{"embeddable":true,"href":"https:\/\/globeplant.nl\/fr\/wp-json\/wp\/v2\/users\/1"}],"replies":[{"embeddable":true,"href":"https:\/\/globeplant.nl\/fr\/wp-json\/wp\/v2\/comments?post=42"}],"version-history":[{"count":7,"href":"https:\/\/globeplant.nl\/fr\/wp-json\/wp\/v2\/pages\/42\/revisions"}],"predecessor-version":[{"id":2137,"href":"https:\/\/globeplant.nl\/fr\/wp-json\/wp\/v2\/pages\/42\/revisions\/2137"}],"wp:attachment":[{"href":"https:\/\/globeplant.nl\/fr\/wp-json\/wp\/v2\/media?parent=42"}],"curies":[{"name":"wp","href":"https:\/\/api.w.org\/{rel}","templated":true}]}}