{"id":36,"date":"2016-01-03T13:33:10","date_gmt":"2016-01-03T12:33:10","guid":{"rendered":"http:\/\/127.0.0.1:8080\/wordpress\/?page_id=36"},"modified":"2023-11-07T17:25:21","modified_gmt":"2023-11-07T15:25:21","slug":"groenteplanten","status":"publish","type":"page","link":"https:\/\/globeplant.nl\/fr\/onze-producten\/groenteplanten\/","title":{"rendered":"Plants l\u00e9gumiers"},"content":{"rendered":"<p><img loading=\"lazy\" decoding=\"async\" class=\"alignright wp-image-272 size-full\" src=\"https:\/\/globeplant.nl\/wp-content\/uploads\/2016\/01\/tomaat-e1455552440320.png\" alt=\"Groenteplanten: Tomaat in steenwolpot op hand\" width=\"400\" height=\"400\" \/><\/p>\n<p>Globe Plant fournit les mara\u00eechers professionnels en jeunes plants l\u00e9gumiers sains et vigoureux des esp\u00e8ces suivantes\u00a0:<\/p>\n<ul>\n<li>Poivron<\/li>\n<li>Tomate<\/li>\n<li>Concombre<\/li>\n<li>Aubergine<\/li>\n<li>Courgette<\/li>\n<li>Piments<\/li>\n<\/ul>\n<p>En Suisse nous commercialisons des plants l\u00e9gumiers via nos partenaire Granoplant.<\/p>\n<h2>Durabilit\u00e9 et hygi\u00e8ne<\/h2>\n<p>Nous nous distinguons par une approche culturale durable et hygi\u00e9nique. Au d\u00e9marrage, tous vos plants sont cultiv\u00e9s avec la g\u00e9othermie et suivant une protocoles d\u2019hygi\u00e8ne strict.<\/p>\n<h6><span style=\"text-decoration: underline;\"><img loading=\"lazy\" decoding=\"async\" class=\"alignright size-full wp-image-307\" src=\"https:\/\/globeplant.nl\/wp-content\/uploads\/2016\/01\/johan.png\" alt=\"\" width=\"220\" height=\"220\" srcset=\"https:\/\/globeplant.nl\/wp-content\/uploads\/2016\/01\/johan.png 220w, https:\/\/globeplant.nl\/wp-content\/uploads\/2016\/01\/johan-150x150.png 150w\" sizes=\"auto, (max-width: 220px) 100vw, 220px\" \/>Johan Grootscholten<\/span>,\u00a0commercialisation des plants l\u00e9gumiers\u00a0: <em>\u00ab\u00a0Cultiver de jeunes plants, c\u2019est leur apporter toute notre attention. Mes coll\u00e8gues soignent et contr\u00f4lent quotidiennement votre mat\u00e9riel initial. Leur exp\u00e9rience acquise au fil des ann\u00e9es et leur engagement ainsi que notre technologie de pointe sont un gage de qualit\u00e9.\u00a0\u00bb<\/em><\/h6>\n<hr width=\"80%\" \/>\n<p><a href=\"mailto:johan@globeplant.nl\"><img loading=\"lazy\" decoding=\"async\" class=\"wp-image-784 size-full alignnone\" src=\"https:\/\/globeplant.nl\/wp-content\/uploads\/2016\/01\/buttonjohan.png\" width=\"100\" height=\"29\" \/><\/a><\/p>","protected":false},"excerpt":{"rendered":"<p>Globe Plant fournit les mara\u00eechers professionnels en jeunes plants l\u00e9gumiers sains et vigoureux des esp\u00e8ces suivantes\u00a0: Poivron Tomate Concombre Aubergine Courgette Piments En Suisse nous commercialisons des plants l\u00e9gumiers via nos partenaire Granoplant. Durabilit\u00e9 et hygi\u00e8ne Nous nous distinguons par une approche culturale durable et hygi\u00e9nique. Au d\u00e9marrage, tous vos &#8230;<\/p>\n","protected":false},"author":1,"featured_media":0,"parent":111,"menu_order":0,"comment_status":"closed","ping_status":"closed","template":"","meta":{"footnotes":""},"class_list":["post-36","page","type-page","status-publish","hentry","column","twocol"],"_links":{"self":[{"href":"https:\/\/globeplant.nl\/fr\/wp-json\/wp\/v2\/pages\/36","targetHints":{"allow":["GET"]}}],"collection":[{"href":"https:\/\/globeplant.nl\/fr\/wp-json\/wp\/v2\/pages"}],"about":[{"href":"https:\/\/globeplant.nl\/fr\/wp-json\/wp\/v2\/types\/page"}],"author":[{"embeddable":true,"href":"https:\/\/globeplant.nl\/fr\/wp-json\/wp\/v2\/users\/1"}],"replies":[{"embeddable":true,"href":"https:\/\/globeplant.nl\/fr\/wp-json\/wp\/v2\/comments?post=36"}],"version-history":[{"count":14,"href":"https:\/\/globeplant.nl\/fr\/wp-json\/wp\/v2\/pages\/36\/revisions"}],"predecessor-version":[{"id":2134,"href":"https:\/\/globeplant.nl\/fr\/wp-json\/wp\/v2\/pages\/36\/revisions\/2134"}],"up":[{"embeddable":true,"href":"https:\/\/globeplant.nl\/fr\/wp-json\/wp\/v2\/pages\/111"}],"wp:attachment":[{"href":"https:\/\/globeplant.nl\/fr\/wp-json\/wp\/v2\/media?parent=36"}],"curies":[{"name":"wp","href":"https:\/\/api.w.org\/{rel}","templated":true}]}}