{"id":33,"date":"2016-01-03T13:30:51","date_gmt":"2016-01-03T12:30:51","guid":{"rendered":"http:\/\/127.0.0.1:8080\/wordpress\/?page_id=33"},"modified":"2023-11-21T17:45:43","modified_gmt":"2023-11-21T15:45:43","slug":"geschiedenis","status":"publish","type":"page","link":"https:\/\/globeplant.nl\/fr\/plantenkwekerij-globe-plant\/geschiedenis\/","title":{"rendered":"Historique"},"content":{"rendered":"<p><img loading=\"lazy\" decoding=\"async\" class=\"alignright wp-image-310 size-full\" src=\"https:\/\/globeplant.nl\/wp-content\/uploads\/2016\/01\/albert-e1455553346151.png\" alt=\"Platglas - geschiedenis\" width=\"400\" height=\"400\" \/><\/p>\n<p><strong>1961<\/strong> Albert Grootscholten commence \u00e0 Poeldijk avec 1 100 ch\u00e2ssis de culture, quatre serres \u00e0 vigne, 2 500 m\u00b2 de pleine terre et une chaudi\u00e8re \u00e0 mazout.<\/p>\n<p><strong>1964<\/strong> L\u2019entreprise mara\u00eech\u00e8re Tuinderij Grootscholten devient l\u2019exploitation horticole Plantenkwekerij Grootscholten. Albert a du talent pour la culture de plantules et se sp\u00e9cialise.<\/p>\n<p><strong>1974<\/strong> Cr\u00e9ation du Groupe Globe Plant, un partenariat entre producteurs de la r\u00e9gion.<\/p>\n<p><strong>1976<\/strong> Chantier de construction sur un site plus grand, \u00e0 Honselersdijk.<\/p>\n<p><strong>1985<\/strong> Johan, le fils a\u00een\u00e9 d\u2019Albert, int\u00e8gre l\u2019exploitation.<\/p>\n<p><strong>1992<\/strong> Vera, la fille d\u2019Albert, rejoint l\u2019exploitation.\u00a0D\u00e9but des exportations vers la Belgique, l\u2019Allemagne et la Suisse.<\/p>\n<p><strong>1997<\/strong> Paul, le fils cadet d\u2019Albert, arrive dans l\u2019exploitation.<\/p>\n<p><strong>1999<\/strong> Sur un site plus vaste, \u00e0 Vierpolders, d\u00e9but d\u2019un gros chantier de construction\u00a0: 36\u00a0000 m\u00b2 de serres monochapelle avec locaux d\u2019activit\u00e9. Application de techniques de pointe pour assurer des conditions de culture optimales et r\u00e9pondre aux normes environnementales les plus strictes.<\/p>\n<p><strong><img loading=\"lazy\" decoding=\"async\" class=\"alignright wp-image-311 size-full\" src=\"https:\/\/globeplant.nl\/wp-content\/uploads\/2016\/01\/50jaar-e1455553366362.png\" alt=\"50 jarig jubileum\" width=\"400\" height=\"400\" \/><\/strong><\/p>\n<p><strong>2000 \u2013 2015<\/strong> Diff\u00e9rents agrandissements jusqu\u2019\u00e0 atteindre une superficie de 53\u00a0000\u00a0m\u00b2 au total<\/p>\n<p><strong>2004<\/strong> Acquisition d\u2019une ligne de tri pour l\u2019obtention de lots de plants plus uniformes.<\/p>\n<p><strong>2007<\/strong> Acquisition d\u2019un semoir.<\/p>\n<p><strong>2009<\/strong> Certification Global Gap.<\/p>\n<p><strong>2011<\/strong> Plantenkwekerij Grootscholten devient Globe Plant. L\u2019exploitation f\u00eate ses 50 ans.<\/p>\n<p><strong>2016<\/strong> Mise en service de l\u2019installation g\u00e9othermique.<\/p>\n<p><strong>2018<\/strong> En m\u00e9moire Albert Grootscholten, du fondateur de Globe Plant.<\/p>\n<p><strong>\u00a0<\/strong><\/p>","protected":false},"excerpt":{"rendered":"<p>1961 Albert Grootscholten commence \u00e0 Poeldijk avec 1 100 ch\u00e2ssis de culture, quatre serres \u00e0 vigne, 2 500 m\u00b2 de pleine terre et une chaudi\u00e8re \u00e0 mazout. 1964 L\u2019entreprise mara\u00eech\u00e8re Tuinderij Grootscholten devient l\u2019exploitation horticole Plantenkwekerij Grootscholten. Albert a du talent pour la culture de plantules et se sp\u00e9cialise. 1974 &#8230;<\/p>\n","protected":false},"author":1,"featured_media":0,"parent":29,"menu_order":2,"comment_status":"closed","ping_status":"closed","template":"","meta":{"footnotes":""},"class_list":["post-33","page","type-page","status-publish","hentry","column","twocol"],"_links":{"self":[{"href":"https:\/\/globeplant.nl\/fr\/wp-json\/wp\/v2\/pages\/33","targetHints":{"allow":["GET"]}}],"collection":[{"href":"https:\/\/globeplant.nl\/fr\/wp-json\/wp\/v2\/pages"}],"about":[{"href":"https:\/\/globeplant.nl\/fr\/wp-json\/wp\/v2\/types\/page"}],"author":[{"embeddable":true,"href":"https:\/\/globeplant.nl\/fr\/wp-json\/wp\/v2\/users\/1"}],"replies":[{"embeddable":true,"href":"https:\/\/globeplant.nl\/fr\/wp-json\/wp\/v2\/comments?post=33"}],"version-history":[{"count":13,"href":"https:\/\/globeplant.nl\/fr\/wp-json\/wp\/v2\/pages\/33\/revisions"}],"predecessor-version":[{"id":2144,"href":"https:\/\/globeplant.nl\/fr\/wp-json\/wp\/v2\/pages\/33\/revisions\/2144"}],"up":[{"embeddable":true,"href":"https:\/\/globeplant.nl\/fr\/wp-json\/wp\/v2\/pages\/29"}],"wp:attachment":[{"href":"https:\/\/globeplant.nl\/fr\/wp-json\/wp\/v2\/media?parent=33"}],"curies":[{"name":"wp","href":"https:\/\/api.w.org\/{rel}","templated":true}]}}