{"id":31,"date":"2016-01-03T13:28:57","date_gmt":"2016-01-03T12:28:57","guid":{"rendered":"http:\/\/127.0.0.1:8080\/wordpress\/?page_id=31"},"modified":"2023-11-07T16:59:22","modified_gmt":"2023-11-07T14:59:22","slug":"globe-plant-staat-voor-kwaliteit","status":"publish","type":"page","link":"https:\/\/globeplant.nl\/fr\/plantenkwekerij-globe-plant\/globe-plant-staat-voor-kwaliteit\/","title":{"rendered":"Globe Plant est synonyme de qualit\u00e9"},"content":{"rendered":"<p><img loading=\"lazy\" decoding=\"async\" class=\"alignright wp-image-306 size-full\" src=\"https:\/\/globeplant.nl\/wp-content\/uploads\/2016\/01\/kas-e1455553075697.png\" alt=\"Paprikaplanen in de nevel, Globe Plant staat voor kwaliteit\" width=\"400\" height=\"400\" \/>Globe Plant garantit la qualit\u00e9, la capacit\u00e9 d\u2019adaptation et la fiabilit\u00e9. Toute notre d\u00e9marche s\u2019articule autour du client ; nous cultivons nos plants \u00e0 partir de vos souhaits et nous respectons nos engagements. L\u2019hygi\u00e8ne et la durabilit\u00e9 constituent le fil rouge au sein de notre exploitation.<\/p>\n<h2>Qualit\u00e9<\/h2>\n<p>Il est \u00e9vident \u00e0 nos yeux que travailler avec des machines neuves, des \u00e9quipements ultramodernes et du personnel exp\u00e9riment\u00e9 est le gage de l\u2019obtention de jeunes plants sains et vigoureux. Mais nous ne nous arr\u00eatons pas l\u00e0. Nous garantissons une qualit\u00e9 en ad\u00e9quation avec vos exigences pour un bon d\u00e9marrage de votre culture. Une qualit\u00e9 optimale.<\/p>\n<h2>Capacit\u00e9 d\u2019adaptation<\/h2>\n<p>Vos besoins en termes de culture et de planning sont d\u00e9terminants pour Globe Plant. Dans notre exploitation, le circuit est court et notre facult\u00e9 d\u2019adaptation \u00e0 vos souhaits est importante.<\/p>\n<h2>Fiabilit\u00e9<\/h2>\n<p>Nous respectons nos engagements. Nous vous garantissons le niveau de qualit\u00e9 le plus \u00e9lev\u00e9, \u00e0 un juste prix, \u00e0 la date et \u00e0 l\u2019heure convenues. Comme nous sommes une entreprise \u00e0 structure faiblement hi\u00e9rarchis\u00e9e, vous entrez directement en contact avec la bonne personne, comp\u00e9tente en la mati\u00e8re.<\/p>","protected":false},"excerpt":{"rendered":"<p>Globe Plant garantit la qualit\u00e9, la capacit\u00e9 d\u2019adaptation et la fiabilit\u00e9. Toute notre d\u00e9marche s\u2019articule autour du client ; nous cultivons nos plants \u00e0 partir de vos souhaits et nous respectons nos engagements. L\u2019hygi\u00e8ne et la durabilit\u00e9 constituent le fil rouge au sein de notre exploitation. Qualit\u00e9 Il est \u00e9vident &#8230;<\/p>\n","protected":false},"author":1,"featured_media":0,"parent":29,"menu_order":1,"comment_status":"closed","ping_status":"closed","template":"","meta":{"footnotes":""},"class_list":["post-31","page","type-page","status-publish","hentry","column","twocol"],"_links":{"self":[{"href":"https:\/\/globeplant.nl\/fr\/wp-json\/wp\/v2\/pages\/31","targetHints":{"allow":["GET"]}}],"collection":[{"href":"https:\/\/globeplant.nl\/fr\/wp-json\/wp\/v2\/pages"}],"about":[{"href":"https:\/\/globeplant.nl\/fr\/wp-json\/wp\/v2\/types\/page"}],"author":[{"embeddable":true,"href":"https:\/\/globeplant.nl\/fr\/wp-json\/wp\/v2\/users\/1"}],"replies":[{"embeddable":true,"href":"https:\/\/globeplant.nl\/fr\/wp-json\/wp\/v2\/comments?post=31"}],"version-history":[{"count":7,"href":"https:\/\/globeplant.nl\/fr\/wp-json\/wp\/v2\/pages\/31\/revisions"}],"predecessor-version":[{"id":2124,"href":"https:\/\/globeplant.nl\/fr\/wp-json\/wp\/v2\/pages\/31\/revisions\/2124"}],"up":[{"embeddable":true,"href":"https:\/\/globeplant.nl\/fr\/wp-json\/wp\/v2\/pages\/29"}],"wp:attachment":[{"href":"https:\/\/globeplant.nl\/fr\/wp-json\/wp\/v2\/media?parent=31"}],"curies":[{"name":"wp","href":"https:\/\/api.w.org\/{rel}","templated":true}]}}