{"id":29,"date":"2016-01-03T13:26:19","date_gmt":"2016-01-03T12:26:19","guid":{"rendered":"http:\/\/127.0.0.1:8080\/wordpress\/?page_id=29"},"modified":"2023-11-21T17:44:51","modified_gmt":"2023-11-21T15:44:51","slug":"plantenkwekerij-globe-plant","status":"publish","type":"page","link":"https:\/\/globeplant.nl\/fr\/plantenkwekerij-globe-plant\/","title":{"rendered":"Producteur Globe Plant"},"content":{"rendered":"<p><img loading=\"lazy\" decoding=\"async\" class=\"alignright wp-image-298 size-full\" src=\"https:\/\/globeplant.nl\/wp-content\/uploads\/2016\/01\/kokommer-e1455552883350.png\" alt=\"Komkommerplant in steenwolpot op hand, Plantenkwekerij Globe Plant\" width=\"400\" height=\"400\" \/><\/p>\n<p>Globe Plant est une exploitation horticole, sp\u00e9cialis\u00e9e dans le d\u00e9marrage de la culture durable et hygi\u00e9nique de plants l\u00e9gumiers de qualit\u00e9 sup\u00e9rieure.<\/p>\n<p>Outre des plants l\u00e9gumiers pour le mara\u00eecher professionnel, nous cultivons \u00e9galement des plantes \u00e0 fleurs en pots, des plantes aromatiques et des plants de l\u00e9gumes pour le particulier.<\/p>\n<p>Nous cultivons tous nos produits durablement en utilisant la g\u00e9othermie.<\/p>\n<h2>\u00c0 l\u2019international<\/h2>\n<p>Les Pays-Bas sont notre principal d\u00e9bouch\u00e9. Globe Plant poss\u00e8de \u00e9galement des clients en Allemagne, Belgique, France et Suisse. Pour les l\u00e9gumes, nous collaborons en Suisse avec Granoplant.\u00a0Et en Allemagne, nous travaillons avec <a href=\"http:\/\/www.volmary.com\/de\/ihr-gartenportal.html\">Volmary<\/a>.<\/p>\n<h6><strong><img loading=\"lazy\" decoding=\"async\" class=\"size-full wp-image-301 alignleft\" src=\"https:\/\/globeplant.nl\/wp-content\/uploads\/2016\/01\/familie.png\" alt=\"Johan, Vera &amp; Paul Grootscholten\" width=\"220\" height=\"220\" srcset=\"https:\/\/globeplant.nl\/wp-content\/uploads\/2016\/01\/familie.png 220w, https:\/\/globeplant.nl\/wp-content\/uploads\/2016\/01\/familie-150x150.png 150w\" sizes=\"auto, (max-width: 220px) 100vw, 220px\" \/><\/strong><\/h6>\n<h6>Globe Plant est une entreprise familiale ultramoderne de 53 000 m\u00b2, implant\u00e9e \u00e0 Vierpolders, sur l\u2019\u00eele Voorne Putten, en Hollande m\u00e9ridionale. Globe Plant emploie 25 salari\u00e9s, 35 greffeurs auxquels viennent s\u2019ajouter quelque 25-50 int\u00e9rimaires durant la haute saison horticole. Johan et Paul, les deux fr\u00e8res Grootscholten, ainsi que leur s\u0153ur Vera dirigent l\u2019entreprise.<\/h6>\n<p>&nbsp;<\/p>","protected":false},"excerpt":{"rendered":"<p>Globe Plant est une exploitation horticole, sp\u00e9cialis\u00e9e dans le d\u00e9marrage de la culture durable et hygi\u00e9nique de plants l\u00e9gumiers de qualit\u00e9 sup\u00e9rieure. Outre des plants l\u00e9gumiers pour le mara\u00eecher professionnel, nous cultivons \u00e9galement des plantes \u00e0 fleurs en pots, des plantes aromatiques et des plants de l\u00e9gumes pour le particulier. &#8230;<\/p>\n","protected":false},"author":1,"featured_media":0,"parent":0,"menu_order":0,"comment_status":"closed","ping_status":"closed","template":"","meta":{"footnotes":""},"class_list":["post-29","page","type-page","status-publish","hentry","column","twocol"],"_links":{"self":[{"href":"https:\/\/globeplant.nl\/fr\/wp-json\/wp\/v2\/pages\/29","targetHints":{"allow":["GET"]}}],"collection":[{"href":"https:\/\/globeplant.nl\/fr\/wp-json\/wp\/v2\/pages"}],"about":[{"href":"https:\/\/globeplant.nl\/fr\/wp-json\/wp\/v2\/types\/page"}],"author":[{"embeddable":true,"href":"https:\/\/globeplant.nl\/fr\/wp-json\/wp\/v2\/users\/1"}],"replies":[{"embeddable":true,"href":"https:\/\/globeplant.nl\/fr\/wp-json\/wp\/v2\/comments?post=29"}],"version-history":[{"count":18,"href":"https:\/\/globeplant.nl\/fr\/wp-json\/wp\/v2\/pages\/29\/revisions"}],"predecessor-version":[{"id":2143,"href":"https:\/\/globeplant.nl\/fr\/wp-json\/wp\/v2\/pages\/29\/revisions\/2143"}],"wp:attachment":[{"href":"https:\/\/globeplant.nl\/fr\/wp-json\/wp\/v2\/media?parent=29"}],"curies":[{"name":"wp","href":"https:\/\/api.w.org\/{rel}","templated":true}]}}