{"id":26,"date":"2016-01-03T13:23:29","date_gmt":"2016-01-03T12:23:29","guid":{"rendered":"http:\/\/127.0.0.1:8080\/wordpress\/?page_id=26"},"modified":"2023-12-13T12:20:29","modified_gmt":"2023-12-13T10:20:29","slug":"welkom-globe-plant","status":"publish","type":"page","link":"https:\/\/globeplant.nl\/fr\/","title":{"rendered":"Bienvenue chez Globe Plant"},"content":{"rendered":"<p><img loading=\"lazy\" decoding=\"async\" class=\"alignright wp-image-354 size-full\" src=\"https:\/\/globeplant.nl\/wp-content\/uploads\/2016\/01\/Logo-GP.png\" alt=\"Globe Plant\" width=\"300\" height=\"149\" \/>Globe Plant est une entreprise familiale ultramoderne, sp\u00e9cialis\u00e9e dans le d\u00e9marrage de la culture durable et hygi\u00e9nique de plants l\u00e9gumiers de qualit\u00e9 sup\u00e9rieure.<\/p>\n<p>Vos souhaits, alli\u00e9s \u00e0 notre savoir-faire et \u00e0 notre exp\u00e9rience, garantissent le meilleur d\u00e9marrage de culture pour votre exploitation. De par sa structure faiblement hi\u00e9rarchis\u00e9e, Globe Plant est en mesure de s\u2019adapter avec souplesse \u00e0 votre planning et de r\u00e9pondre \u00e0 vos besoins culturaux.<\/p>\n<p>Outre des plants l\u00e9gumiers pour le professionnel, nous cultivons \u00e9galement des plantes \u00e0 fleurs en pots, des plantes aromatiques et des plants de l\u00e9gumes pour le consommateur. Nous proposons les plantes aromatiques et les plantes l\u00e9gumi\u00e8res sous la marque Kitchenchef.<\/p>\n<h2><img loading=\"lazy\" decoding=\"async\" class=\"alignright wp-image-356 size-full\" src=\"https:\/\/globeplant.nl\/wp-content\/uploads\/2016\/01\/GEOWELL_LOGO_kleur.png\" alt=\"Globe plant is mede-initiatiefnemer van Geo-Well\" width=\"149\" height=\"149\" \/><\/h2>\n<h2>D\u00e9marrage durable de culture<\/h2>\n<p>Depuis janvier 2016, nous sommes pass\u00e9s \u00e0 la g\u00e9othermie et nous cultivons tous nos produits de mani\u00e8re durable. R\u00e9sultat\u00a0: une baisse de l\u2019\u00e9mission de CO2 de pas moins de 20\u00a0%. Pour promouvoir cette \u00e9nergie, nous collaborons avec Geo-Well.<\/p>\n<p>&nbsp;<\/p>","protected":false},"excerpt":{"rendered":"<p>Globe Plant est une entreprise familiale ultramoderne, sp\u00e9cialis\u00e9e dans le d\u00e9marrage de la culture durable et hygi\u00e9nique de plants l\u00e9gumiers de qualit\u00e9 sup\u00e9rieure. Vos souhaits, alli\u00e9s \u00e0 notre savoir-faire et \u00e0 notre exp\u00e9rience, garantissent le meilleur d\u00e9marrage de culture pour votre exploitation. De par sa structure faiblement hi\u00e9rarchis\u00e9e, Globe Plant &#8230;<\/p>\n","protected":false},"author":1,"featured_media":202,"parent":0,"menu_order":0,"comment_status":"closed","ping_status":"closed","template":"","meta":{"footnotes":""},"class_list":["post-26","page","type-page","status-publish","has-post-thumbnail","hentry","column","twocol","has-thumbnail"],"_links":{"self":[{"href":"https:\/\/globeplant.nl\/fr\/wp-json\/wp\/v2\/pages\/26","targetHints":{"allow":["GET"]}}],"collection":[{"href":"https:\/\/globeplant.nl\/fr\/wp-json\/wp\/v2\/pages"}],"about":[{"href":"https:\/\/globeplant.nl\/fr\/wp-json\/wp\/v2\/types\/page"}],"author":[{"embeddable":true,"href":"https:\/\/globeplant.nl\/fr\/wp-json\/wp\/v2\/users\/1"}],"replies":[{"embeddable":true,"href":"https:\/\/globeplant.nl\/fr\/wp-json\/wp\/v2\/comments?post=26"}],"version-history":[{"count":23,"href":"https:\/\/globeplant.nl\/fr\/wp-json\/wp\/v2\/pages\/26\/revisions"}],"predecessor-version":[{"id":2162,"href":"https:\/\/globeplant.nl\/fr\/wp-json\/wp\/v2\/pages\/26\/revisions\/2162"}],"wp:featuredmedia":[{"embeddable":true,"href":"https:\/\/globeplant.nl\/fr\/wp-json\/"}],"wp:attachment":[{"href":"https:\/\/globeplant.nl\/fr\/wp-json\/wp\/v2\/media?parent=26"}],"curies":[{"name":"wp","href":"https:\/\/api.w.org\/{rel}","templated":true}]}}