{"id":111,"date":"2016-01-07T12:30:55","date_gmt":"2016-01-07T11:30:55","guid":{"rendered":"http:\/\/127.0.0.1:8080\/wordpress\/?page_id=111"},"modified":"2023-11-07T17:47:28","modified_gmt":"2023-11-07T15:47:28","slug":"onze-producten","status":"publish","type":"page","link":"https:\/\/globeplant.nl\/fr\/onze-producten\/","title":{"rendered":"Nos Produits"},"content":{"rendered":"<p><img loading=\"lazy\" decoding=\"async\" class=\"alignright wp-image-322 size-full\" src=\"https:\/\/globeplant.nl\/wp-content\/uploads\/2016\/01\/oppotten-e1455552348135.png\" alt=\"Oppotten van paprika's, \u00e9\u00e9n van onze producten\" width=\"400\" height=\"400\" \/><\/p>\n<p>Globe Plant est une exploitation horticole, sp\u00e9cialis\u00e9e dans le d\u00e9marrage de la culture durable et hygi\u00e9nique de plants l\u00e9gumiers de qualit\u00e9 sup\u00e9rieure.<\/p>\n<p>Outre des plants l\u00e9gumiers pour le mara\u00eechers professionnel, nous cultivons \u00e9galement des plantes \u00e0 fleurs en pots, des plantes aromatiques et des plants de l\u00e9gumes pour le particulier. Ces derniers sont commercialis\u00e9s sous la marque Kitchenchef.<\/p>\n<p>Nous cultivons durablement tous nos produits avec la g\u00e9othermie.<\/p>","protected":false},"excerpt":{"rendered":"<p>Globe Plant est une exploitation horticole, sp\u00e9cialis\u00e9e dans le d\u00e9marrage de la culture durable et hygi\u00e9nique de plants l\u00e9gumiers de qualit\u00e9 sup\u00e9rieure. Outre des plants l\u00e9gumiers pour le mara\u00eechers professionnel, nous cultivons \u00e9galement des plantes \u00e0 fleurs en pots, des plantes aromatiques et des plants de l\u00e9gumes pour le particulier. &#8230;<\/p>\n","protected":false},"author":1,"featured_media":0,"parent":0,"menu_order":0,"comment_status":"closed","ping_status":"closed","template":"","meta":{"footnotes":""},"class_list":["post-111","page","type-page","status-publish","hentry","column","twocol"],"_links":{"self":[{"href":"https:\/\/globeplant.nl\/fr\/wp-json\/wp\/v2\/pages\/111","targetHints":{"allow":["GET"]}}],"collection":[{"href":"https:\/\/globeplant.nl\/fr\/wp-json\/wp\/v2\/pages"}],"about":[{"href":"https:\/\/globeplant.nl\/fr\/wp-json\/wp\/v2\/types\/page"}],"author":[{"embeddable":true,"href":"https:\/\/globeplant.nl\/fr\/wp-json\/wp\/v2\/users\/1"}],"replies":[{"embeddable":true,"href":"https:\/\/globeplant.nl\/fr\/wp-json\/wp\/v2\/comments?post=111"}],"version-history":[{"count":16,"href":"https:\/\/globeplant.nl\/fr\/wp-json\/wp\/v2\/pages\/111\/revisions"}],"predecessor-version":[{"id":2138,"href":"https:\/\/globeplant.nl\/fr\/wp-json\/wp\/v2\/pages\/111\/revisions\/2138"}],"wp:attachment":[{"href":"https:\/\/globeplant.nl\/fr\/wp-json\/wp\/v2\/media?parent=111"}],"curies":[{"name":"wp","href":"https:\/\/api.w.org\/{rel}","templated":true}]}}