{"id":704,"date":"2016-08-28T15:19:40","date_gmt":"2016-08-28T13:19:40","guid":{"rendered":"http:\/\/globeplant.nl\/?page_id=704"},"modified":"2019-10-29T14:43:05","modified_gmt":"2019-10-29T12:43:05","slug":"sierteelt","status":"publish","type":"page","link":"https:\/\/globeplant.nl\/de\/onze-producten\/sierteelt\/","title":{"rendered":"Schnittblumen"},"content":{"rendered":"<p><img loading=\"lazy\" decoding=\"async\" class=\"alignright wp-image-694\" src=\"https:\/\/globeplant.nl\/wp-content\/uploads\/2016\/07\/Zomerbloemen-400x400.png\" alt=\"Snijbloemen\" width=\"350\" height=\"350\" srcset=\"https:\/\/globeplant.nl\/wp-content\/uploads\/2016\/07\/Zomerbloemen-400x400.png 400w, https:\/\/globeplant.nl\/wp-content\/uploads\/2016\/07\/Zomerbloemen-432x432.png 432w, https:\/\/globeplant.nl\/wp-content\/uploads\/2016\/07\/Zomerbloemen-268x268.png 268w, https:\/\/globeplant.nl\/wp-content\/uploads\/2016\/07\/Zomerbloemen-700x700.png 700w, https:\/\/globeplant.nl\/wp-content\/uploads\/2016\/07\/Zomerbloemen.png 800w\" sizes=\"auto, (max-width: 350px) 100vw, 350px\" \/><\/p>\n<p>Globe Plant ist ein lang bestehendes und innovatives Familienunternehmen.<\/p>\n<p>Seit mehr als 55 Jahren z\u00fcchten wir Topqualit\u00e4ten aus Saatgut. Ihre W\u00fcnsche, zusammen mit unserem Wissen und Erfahrungen, sorgen garantiert f\u00fcr den besten Wachstum Ihres Unternehmens.<\/p>\n<h3>Globe-Pflanzen z\u00fcchten ist Ma\u00dfarbeit.<\/h3>\n<p>Wir k\u00f6nnen van Woche 26 bis 42 Schnittblumen f\u00fcr Sie z\u00fcchten\u00a0 und liefern. Spezialisiert ist Globe Plant in:<\/p>\n<ul>\n<li><a href=\"https:\/\/globeplant.nl\/onze-producten\/snijbloemen\/antirrhinum-2\/\">Antirrhinum<\/a><\/li>\n<li><a href=\"https:\/\/globeplant.nl\/onze-producten\/snijbloemen\/panicum-virgatum\/\">Panicum<\/a><\/li>\n<\/ul>\n<h3>M\u00f6glichkeiten<\/h3>\n<p>Wir bieten Ihnen eine Skala an M\u00f6glichkeiten um Ihre Pflanzen so auszuw\u00e4hlen, so als Sie diese w\u00fcnschen.\u00a0 Zum Beispiel: Pflanzenanzahl, -gr\u00f6\u00dfe oder -stecker. Die Aufzucht wird mit Ihren W\u00fcnschen abgestimmt.<\/p>\n<p>Z\u00fcchten ist ein st\u00e4ndiges steuern, voraus planen und beobachten von Pflanzen.\u00a0 Mit Hilfe von fortgeschrittenen Klima- und Wachstumssysteme, Insektenschutz, Beleuchtung und nahrhaften Kulturb\u00f6den, sorgen wir f\u00fcr eine optimale Pflanzenaufzucht. Selbstverst\u00e4ndlich in Kombination mit den neusten Verarbeitungs- und Logistikausstattung und Wissen.<\/p>\n<h3>Auf Lager<\/h3>\n<p>Wir haben Pflanzen f\u00fcr Sie vorr\u00e4tig. <a href=\"https:\/\/globeplant.nl\/onze-producten\/snijbloemen\/actuele-voorraad-snijbloemen\/\">Hier<\/a> finden Sie unsere aktuelle Lager, oder rufen Sie unserer <a href=\"https:\/\/globeplant.nl\/contact\/contact-sierteelt\/\">Vertreter<\/a> an. Diese Person kan dienen versehen mit umfangreiche Kulturinformationen.<\/p>\n<h3>Langlebig\/Dauerhaft<\/h3>\n<p>Wir unterscheiden uns durch langlebige und hygienische Aufzucht.\u00a0 Alle von Ihnen gew\u00fcnschte Pflanzen werden mit Erdw\u00e4rme und dem h\u00f6chsten Hygieneprotokol f\u00fcr Sie gez\u00fcchtet.<\/p>\n<h3>Zuverl\u00e4ssigkeit<\/h3>\n<p>Zugesagte Vereinbarungen halten wir ein. Globe Plant garantiert Ihnen beste Qualit\u00e4t zum guten Preis und abgesprochener Lieferzeit. Durch eine kompakte Firmenstruktur, haben Sie direkten Kontakt mit unserem Fachpersonal.<\/p>\n<h3>Gesch\u00e4ftsbeziehungen sind wichtig<\/h3>\n<p>Unsere Unternehmen mit eigenen Augen sehen? Globe Plant l\u00e4dt Sie gerne ein zu einem Besuch.<\/p>\n<p>Unsere accountmanager wartet auf Sie:<\/p>\n<ul>\n<li><a href=\"mailto:rene.van.berlo@globeplant.nl\">Ren\u00e9 van Berlo<\/a>: +31 634 814 007<a href=\"mailto:rene.van.berlo@globeplant.nl\">\u00a0<\/a>(Zuid &amp; Oost-Europa)<\/li>\n<\/ul>\n<p><\/p>","protected":false},"excerpt":{"rendered":"<p>Globe Plant ist ein lang bestehendes und innovatives Familienunternehmen. Seit mehr als 55 Jahren z\u00fcchten wir Topqualit\u00e4ten aus Saatgut. Ihre W\u00fcnsche, zusammen mit unserem Wissen und Erfahrungen, sorgen garantiert f\u00fcr den besten Wachstum Ihres Unternehmens. Globe-Pflanzen z\u00fcchten ist Ma\u00dfarbeit. Wir k\u00f6nnen van Woche 26 bis 42 Schnittblumen f\u00fcr Sie z\u00fcchten\u00a0 &#8230;<\/p>\n","protected":false},"author":1,"featured_media":0,"parent":111,"menu_order":0,"comment_status":"closed","ping_status":"closed","template":"","meta":{"footnotes":""},"class_list":["post-704","page","type-page","status-publish","hentry","column","twocol"],"_links":{"self":[{"href":"https:\/\/globeplant.nl\/de\/wp-json\/wp\/v2\/pages\/704","targetHints":{"allow":["GET"]}}],"collection":[{"href":"https:\/\/globeplant.nl\/de\/wp-json\/wp\/v2\/pages"}],"about":[{"href":"https:\/\/globeplant.nl\/de\/wp-json\/wp\/v2\/types\/page"}],"author":[{"embeddable":true,"href":"https:\/\/globeplant.nl\/de\/wp-json\/wp\/v2\/users\/1"}],"replies":[{"embeddable":true,"href":"https:\/\/globeplant.nl\/de\/wp-json\/wp\/v2\/comments?post=704"}],"version-history":[{"count":28,"href":"https:\/\/globeplant.nl\/de\/wp-json\/wp\/v2\/pages\/704\/revisions"}],"predecessor-version":[{"id":1740,"href":"https:\/\/globeplant.nl\/de\/wp-json\/wp\/v2\/pages\/704\/revisions\/1740"}],"up":[{"embeddable":true,"href":"https:\/\/globeplant.nl\/de\/wp-json\/wp\/v2\/pages\/111"}],"wp:attachment":[{"href":"https:\/\/globeplant.nl\/de\/wp-json\/wp\/v2\/media?parent=704"}],"curies":[{"name":"wp","href":"https:\/\/api.w.org\/{rel}","templated":true}]}}