{"id":45,"date":"2016-01-03T13:36:49","date_gmt":"2016-01-03T12:36:49","guid":{"rendered":"http:\/\/127.0.0.1:8080\/wordpress\/?page_id=45"},"modified":"2026-02-03T13:41:54","modified_gmt":"2026-02-03T11:41:54","slug":"duurzaam","status":"publish","type":"page","link":"https:\/\/globeplant.nl\/de\/duurzaam\/","title":{"rendered":"Nachhaltig"},"content":{"rendered":"<p><img loading=\"lazy\" decoding=\"async\" class=\"wp-image-266 size-medium alignright\" src=\"https:\/\/globeplant.nl\/wp-content\/uploads\/2016\/01\/boortoren-300x300.png\" alt=\"Boortoren aardwarmte, voor duurzaam opkweken\" width=\"300\" height=\"300\" \/><\/p>\n<p>In den Niederlanden sind wir die erste Pflanzenz\u00fcchterei die langlebige\/dauerhafte Pflanzen mit Gr\u00fcne Energie aufz\u00fcchten. Seit 2016 nutzen wir f\u00fcr unser ganzes Unternehmen Erdw\u00e4rme. Erdw\u00e4rme ist eine dauerhafte, unerschoepfliche und nicht umweltverschmutzende Energiequelle.<\/p>\n<p>Globe Plant ist ein Initiativnehmer\u00a0 von <a href=\"https:\/\/www.geo-well.nl\">Geo-Well<\/a> und ein Erdw\u00e4rmeprojekt in Vierpolders.<\/p>\n<h2>Nachhaltigen Pflanzenschutz<\/h2>\n<p>Wir sorgen f\u00fcr\u00a0 integrierten Pflanzenschutz; wo es m\u00f6glich ist setzen wir nat\u00fcrliche Feinde in gegen Pflanzenkrankheiten und Plagen. Globe Plant baut widerstandsf\u00e4hige Pflanzen an; Besser vorbeugen dan genezen. W\u00e4hrend der Kultivierung bieten wir die richtigen Bedingungen, wie Boden, Struktur und Inhalt, Wasser, Licht und Temperatur. Sowohl \u00fcber als auch unter der Erde werden die Pflanzen gut gewachsen.<br \/>\nAlle Glasscheiben sind mit Gazen gesch\u00fctzt um Infektionen zu verkommen und Pflanzenschutz zu reduzieren. Wir tun alles m\u00f6gliche um unsere Jungpflanzen gesund zu halten.<\/p>\n<p>Globe Plant ist\u00a0 MPS-A und Global Gap GRASP zertifiziert. Garantie f\u00fcr Lebensmittelsicherheit und Langlebigkeit.<\/p>\n<h2>Dauerhafte Personalpolitik<\/h2>\n<p>Globe Plant praktiziert dauerhafte Personalf\u00fchrung.\u00a0Beispiele: Wir bieten Arbeitspl\u00e4tze f\u00fcr sozial schwache Arbeitnehmer;\u00a0 unsere Mitarbeiter von der Veredelungsabteilung, k\u00f6nnen die Arbeitszeit selbst planen und anpassen um Familie und Arbeit gut zu kombinieren. Dauerhafte Personalpolitik lohnt. Viele Mitarbeitersind schon jahrelang bei uns in Dienst. Das liefert Globe Plant ein Reichtum an Erfahrung und Vertrauen.<\/p>\n<h2>Unser Beitrag zu einer saubereren Umwelt<\/h2>\n<ul>\n<li>W\u00e4hrend des Transports verwenden wir wiederverwertbare Verpackungen, um die Umwelt zu entlasten.<\/li>\n<li>Wir liefern unsere Topfpflanzen bewusst ohne Deckung aus, besser f\u00fcr die Umwelt, <strong>und\u00a0<\/strong>unsere Pflanzen sind so stark, dass sie es nicht brauchen.<\/li>\n<li>Wir benutzen Regenwasser, um die Toilette zu sp\u00fclen.<\/li>\n<li>Und wir bleiben, wo immer m\u00f6glich, nachhaltig.<\/li>\n<\/ul>\n<h6><span style=\"text-decoration: underline;\"><img loading=\"lazy\" decoding=\"async\" class=\"wp-image-262 size-full alignleft\" src=\"https:\/\/globeplant.nl\/wp-content\/uploads\/2016\/01\/paul.png\" alt=\"Paul Grootscholten, streeft naar zo duurzaam mogelijk opkweken\" width=\"200\" height=\"200\" srcset=\"https:\/\/globeplant.nl\/wp-content\/uploads\/2016\/01\/paul.png 200w, https:\/\/globeplant.nl\/wp-content\/uploads\/2016\/01\/paul-150x150.png 150w\" sizes=\"auto, (max-width: 200px) 100vw, 200px\" \/>Paul Grootscholten:<\/span> <em>&#8222;Erdw\u00e4rme\u00a0 ist f\u00fcr die Niederlande noch relativ neu. Es ist eine dauerhafte und umweltfreundliche Alternative gegen\u00fcber fossile Energie. Seit wir Erdw\u00e4rme\u00a0 nutzen, gebrauchen\u00a0 wir 90% weniger Erdgas und ist der Aussto\u00df von CO2 20% weniger.\u201c<\/em><\/h6>\n<p>&nbsp;<\/p>","protected":false},"excerpt":{"rendered":"<p>In den Niederlanden sind wir die erste Pflanzenz\u00fcchterei die langlebige\/dauerhafte Pflanzen mit Gr\u00fcne Energie aufz\u00fcchten. Seit 2016 nutzen wir f\u00fcr unser ganzes Unternehmen Erdw\u00e4rme. Erdw\u00e4rme ist eine dauerhafte, unerschoepfliche und nicht umweltverschmutzende Energiequelle. Globe Plant ist ein Initiativnehmer\u00a0 von Geo-Well und ein Erdw\u00e4rmeprojekt in Vierpolders. Nachhaltigen Pflanzenschutz Wir sorgen f\u00fcr\u00a0 &#8230;<\/p>\n","protected":false},"author":1,"featured_media":202,"parent":0,"menu_order":0,"comment_status":"closed","ping_status":"closed","template":"","meta":{"footnotes":""},"class_list":["post-45","page","type-page","status-publish","has-post-thumbnail","hentry","column","twocol","has-thumbnail"],"_links":{"self":[{"href":"https:\/\/globeplant.nl\/de\/wp-json\/wp\/v2\/pages\/45","targetHints":{"allow":["GET"]}}],"collection":[{"href":"https:\/\/globeplant.nl\/de\/wp-json\/wp\/v2\/pages"}],"about":[{"href":"https:\/\/globeplant.nl\/de\/wp-json\/wp\/v2\/types\/page"}],"author":[{"embeddable":true,"href":"https:\/\/globeplant.nl\/de\/wp-json\/wp\/v2\/users\/1"}],"replies":[{"embeddable":true,"href":"https:\/\/globeplant.nl\/de\/wp-json\/wp\/v2\/comments?post=45"}],"version-history":[{"count":16,"href":"https:\/\/globeplant.nl\/de\/wp-json\/wp\/v2\/pages\/45\/revisions"}],"predecessor-version":[{"id":2347,"href":"https:\/\/globeplant.nl\/de\/wp-json\/wp\/v2\/pages\/45\/revisions\/2347"}],"wp:featuredmedia":[{"embeddable":true,"href":"https:\/\/globeplant.nl\/de\/wp-json\/"}],"wp:attachment":[{"href":"https:\/\/globeplant.nl\/de\/wp-json\/wp\/v2\/media?parent=45"}],"curies":[{"name":"wp","href":"https:\/\/api.w.org\/{rel}","templated":true}]}}