{"id":42,"date":"2016-01-03T13:35:28","date_gmt":"2016-01-03T12:35:28","guid":{"rendered":"http:\/\/127.0.0.1:8080\/wordpress\/?page_id=42"},"modified":"2023-11-07T17:41:44","modified_gmt":"2023-11-07T15:41:44","slug":"hygiene","status":"publish","type":"page","link":"https:\/\/globeplant.nl\/de\/hygiene\/","title":{"rendered":"Hygiene-Protokoll"},"content":{"rendered":"<p><img loading=\"lazy\" decoding=\"async\" class=\"alignright wp-image-279 size-full\" src=\"https:\/\/globeplant.nl\/wp-content\/uploads\/2016\/01\/hygiene-e1455552200427.png\" alt=\"Schoen op ontsmettingstoestel, onderdeel hygi\u00ebne protocol\" width=\"400\" height=\"400\" \/>Strenge Hygiene. Von\u00a0 Anfang an beginnt die Zucht mit gesunden Pflanzen. Globe Plant sorgt f\u00fcr eine hygienische Pflanzenaufzucht folgend\u00a0einem strengen Protokoll<\/p>\n<h3>Strengen Protokollen<\/h3>\n<p>Hygiene bei Globe Plant\u00a0 sind getrennte Produktabl\u00e4ufe, t\u00e4glich saubere Arbeitskleidung f\u00fcr Arbeitnehmer und Besucher. Desinfektion von Schuhwerk und H\u00e4nde.\u00a0 Gr\u00fcndliche Desinfektion von alle Materialien.\u00a0 (Von\u00a0 A-Z)<\/p>\n<p><img loading=\"lazy\" decoding=\"async\" class=\"size-full wp-image-481 alignleft\" src=\"https:\/\/globeplant.nl\/wp-content\/uploads\/2016\/01\/thijs.png\" alt=\"Thijs vd Westelaken\" width=\"220\" height=\"220\" \/><\/p>\n<h6><span style=\"text-decoration: underline;\">Thijs vd Westelaken,<\/span>\u00a0Anbau-manager<\/h6>\n<div class=\"toolset\"><\/div>\n<p><\/p>","protected":false},"excerpt":{"rendered":"<p>Strenge Hygiene. Von\u00a0 Anfang an beginnt die Zucht mit gesunden Pflanzen. Globe Plant sorgt f\u00fcr eine hygienische Pflanzenaufzucht folgend\u00a0einem strengen Protokoll Strengen Protokollen Hygiene bei Globe Plant\u00a0 sind getrennte Produktabl\u00e4ufe, t\u00e4glich saubere Arbeitskleidung f\u00fcr Arbeitnehmer und Besucher. Desinfektion von Schuhwerk und H\u00e4nde.\u00a0 Gr\u00fcndliche Desinfektion von alle Materialien.\u00a0 (Von\u00a0 A-Z) Thijs &#8230;<\/p>\n","protected":false},"author":1,"featured_media":0,"parent":0,"menu_order":0,"comment_status":"closed","ping_status":"closed","template":"","meta":{"footnotes":""},"class_list":["post-42","page","type-page","status-publish","hentry","column","twocol"],"_links":{"self":[{"href":"https:\/\/globeplant.nl\/de\/wp-json\/wp\/v2\/pages\/42","targetHints":{"allow":["GET"]}}],"collection":[{"href":"https:\/\/globeplant.nl\/de\/wp-json\/wp\/v2\/pages"}],"about":[{"href":"https:\/\/globeplant.nl\/de\/wp-json\/wp\/v2\/types\/page"}],"author":[{"embeddable":true,"href":"https:\/\/globeplant.nl\/de\/wp-json\/wp\/v2\/users\/1"}],"replies":[{"embeddable":true,"href":"https:\/\/globeplant.nl\/de\/wp-json\/wp\/v2\/comments?post=42"}],"version-history":[{"count":7,"href":"https:\/\/globeplant.nl\/de\/wp-json\/wp\/v2\/pages\/42\/revisions"}],"predecessor-version":[{"id":2137,"href":"https:\/\/globeplant.nl\/de\/wp-json\/wp\/v2\/pages\/42\/revisions\/2137"}],"wp:attachment":[{"href":"https:\/\/globeplant.nl\/de\/wp-json\/wp\/v2\/media?parent=42"}],"curies":[{"name":"wp","href":"https:\/\/api.w.org\/{rel}","templated":true}]}}