{"id":33,"date":"2016-01-03T13:30:51","date_gmt":"2016-01-03T12:30:51","guid":{"rendered":"http:\/\/127.0.0.1:8080\/wordpress\/?page_id=33"},"modified":"2023-11-21T17:45:43","modified_gmt":"2023-11-21T15:45:43","slug":"geschiedenis","status":"publish","type":"page","link":"https:\/\/globeplant.nl\/de\/plantenkwekerij-globe-plant\/geschiedenis\/","title":{"rendered":"Geschichte"},"content":{"rendered":"<p><img loading=\"lazy\" decoding=\"async\" class=\"alignright wp-image-310 size-full\" src=\"https:\/\/globeplant.nl\/wp-content\/uploads\/2016\/01\/albert-e1455553346151.png\" alt=\"Platglas - geschiedenis\" width=\"400\" height=\"400\" \/><strong>1961<\/strong> beginnt Albert Grootscholten in Poeldijk mit 1.100 Fenster Flachglas und 2.500m2 Erde und einem \u00d6lofen.<\/p>\n<p><strong>1964<\/strong> G\u00e4rtnerei\u00a0 Grootscholten wird Pflanzeng\u00e4rtnerei Grootcholten. Der talentierte\u00a0 Albert spezialisiert sich in z\u00fcchten\u00a0 von Pflanzen.<\/p>\n<p><strong>1974<\/strong> Globe Plant Groep wird\u00a0 gegr\u00fcndet. Partnerschaft mit anderen G\u00e4rtnereien in der Region.<\/p>\n<p><strong>1976<\/strong> gro\u00dfer Neubau in Honselersdijk<\/p>\n<p><strong>1985<\/strong> Johan kommt ins Unternehmen\u00a0 (\u00e4ltester Sohn von Albert)<\/p>\n<p><strong>1992<\/strong> Vera kommt ins Unternehmen (Tochter von Albert) Der Export nach Belgien, Deutschland und der Schweiz\u00a0 beginnt.<\/p>\n<p><strong>1997<\/strong> Paul (der j\u00fcngste Sohn von Albert) kommt das Unternehmen verst\u00e4rken.<\/p>\n<p><strong>1999<\/strong> startet der Neubau von ein Weitspann-Gew\u00e4chshaus\u00a0 und B\u00fcror\u00e4ume von 36.000m2 in Vierpolders. Alles wird ausgestattet mit modernster Technik f\u00fcr optimale\u00a0 Aufzucht Moeglichkeiten und\u00a0 h\u00f6chsten Umweltsauflagen.<\/p>\n<p><strong><img loading=\"lazy\" decoding=\"async\" class=\"alignright wp-image-311 size-full\" src=\"https:\/\/globeplant.nl\/wp-content\/uploads\/2016\/01\/50jaar-e1455553366362.png\" alt=\"50 jarig jubileum\" width=\"400\" height=\"400\" \/><\/strong><\/p>\n<p><strong>2000-2015<\/strong> Verschiedene Ausbreitungen mit\u00a0 modernen Neubau und\u00a0 einer totalen Oberfl\u00e4chen von\u00a0 53.000 m2.<\/p>\n<p><strong>2004<\/strong> Kauf einer Selektiermaschine f\u00fcr homogene Pflanzenparteien.<\/p>\n<p><strong>2007<\/strong> Kauf einer\u00a0 Saatmaschine.<\/p>\n<p><strong>2009<\/strong> Globe bekommt das GlobalGap-Zertifikat.<\/p>\n<p><strong>2011<\/strong> Plantenkwekerij Grootscholten wird Globe Plant.\u00a0 50-j\u00e4hriges\u00a0 Jubil\u00e4um.<\/p>\n<p><strong>2016<\/strong> Gebrauch von Erdw\u00e4rme. Mitte 2016 Anfang Anbau Schnittblumen.<\/p>\n<p><strong>2017<\/strong> Kauf von neuen Maschinen f\u00fcr dan Anbau von Schnittblumen. Eine Klima-Zelle ist in betrieb genommen.<\/p>\n<p><strong>2018<\/strong> In Memoriam Albert Grootscholten, der Gr\u00fcnder von Globe Plant.<\/p>\n<p><strong>2019<\/strong> Verl\u00e4ngerte Kultivierung von Schnitt Gerbera wird fortgesetzt.<br \/>\nBescheinigung Global Gap GRASP.<\/p>\n<p><strong>\u00a0<\/strong><\/p>","protected":false},"excerpt":{"rendered":"<p>1961 beginnt Albert Grootscholten in Poeldijk mit 1.100 Fenster Flachglas und 2.500m2 Erde und einem \u00d6lofen. 1964 G\u00e4rtnerei\u00a0 Grootscholten wird Pflanzeng\u00e4rtnerei Grootcholten. Der talentierte\u00a0 Albert spezialisiert sich in z\u00fcchten\u00a0 von Pflanzen. 1974 Globe Plant Groep wird\u00a0 gegr\u00fcndet. Partnerschaft mit anderen G\u00e4rtnereien in der Region. 1976 gro\u00dfer Neubau in Honselersdijk 1985 &#8230;<\/p>\n","protected":false},"author":1,"featured_media":0,"parent":29,"menu_order":2,"comment_status":"closed","ping_status":"closed","template":"","meta":{"footnotes":""},"class_list":["post-33","page","type-page","status-publish","hentry","column","twocol"],"_links":{"self":[{"href":"https:\/\/globeplant.nl\/de\/wp-json\/wp\/v2\/pages\/33","targetHints":{"allow":["GET"]}}],"collection":[{"href":"https:\/\/globeplant.nl\/de\/wp-json\/wp\/v2\/pages"}],"about":[{"href":"https:\/\/globeplant.nl\/de\/wp-json\/wp\/v2\/types\/page"}],"author":[{"embeddable":true,"href":"https:\/\/globeplant.nl\/de\/wp-json\/wp\/v2\/users\/1"}],"replies":[{"embeddable":true,"href":"https:\/\/globeplant.nl\/de\/wp-json\/wp\/v2\/comments?post=33"}],"version-history":[{"count":13,"href":"https:\/\/globeplant.nl\/de\/wp-json\/wp\/v2\/pages\/33\/revisions"}],"predecessor-version":[{"id":2144,"href":"https:\/\/globeplant.nl\/de\/wp-json\/wp\/v2\/pages\/33\/revisions\/2144"}],"up":[{"embeddable":true,"href":"https:\/\/globeplant.nl\/de\/wp-json\/wp\/v2\/pages\/29"}],"wp:attachment":[{"href":"https:\/\/globeplant.nl\/de\/wp-json\/wp\/v2\/media?parent=33"}],"curies":[{"name":"wp","href":"https:\/\/api.w.org\/{rel}","templated":true}]}}