{"id":31,"date":"2016-01-03T13:28:57","date_gmt":"2016-01-03T12:28:57","guid":{"rendered":"http:\/\/127.0.0.1:8080\/wordpress\/?page_id=31"},"modified":"2023-11-07T16:59:22","modified_gmt":"2023-11-07T14:59:22","slug":"globe-plant-staat-voor-kwaliteit","status":"publish","type":"page","link":"https:\/\/globeplant.nl\/de\/plantenkwekerij-globe-plant\/globe-plant-staat-voor-kwaliteit\/","title":{"rendered":"Globe Plant steht f\u00fcr Qualit\u00e4t"},"content":{"rendered":"<p><img loading=\"lazy\" decoding=\"async\" class=\"alignright wp-image-306 size-full\" src=\"https:\/\/globeplant.nl\/wp-content\/uploads\/2016\/01\/kas-e1455553075697.png\" alt=\"Paprikaplanen in de nevel, Globe Plant staat voor kwaliteit\" width=\"400\" height=\"400\" \/>Globe Plant garantiert Qualit\u00e4t, Anpassungsf\u00e4higkeit und Zuverl\u00e4ssigkeit. Das Unternehmen ist Kundengericht;\u00a0 wir z\u00fcchten unsere Pflanzen nach Ihren Vorstellungen und kommen nach was wir versprechen. Hygiene und Langlebigkeit ist der \u2018Rote Draht\u2019\u2019 in unserem Unternehmen.<\/p>\n<h2>Qualit\u00e4t<\/h2>\n<p>Durch neue Maschinen, moderne Gew\u00e4chshausr\u00e4ume und erfahrenes Personal, garantiert\u00a0 Globe Plant gesunde und robuste Jungpflanzen. Wir gehen noch weiter,\u00a0 Globe Plant sorgt f\u00fcr Qualit\u00e4t die angepasst werden auf Ihre W\u00fcnsche. Nat\u00fcrlich mit optimale Qualit\u00e4t.<\/p>\n<h2>Anpassung<\/h2>\n<p>Ihre Bed\u00fcrfnisse und Planung sind bestimmend f\u00fcr Globe Plant. In unserem \u00fcbersichtlichen Unternehmen sorgen wir daf\u00fcr, dass Ihre W\u00fcnsche erf\u00fcllt werden.\u00a0 Soweit unsere M\u00f6glichkeiten reichen.<\/p>\n<h2>Zuverl\u00e4ssigkeit<\/h2>\n<p>Abgesprochene Anfragen kommt Globe Plant nach. Wir garantieren beste Qualit\u00e4t f\u00fcr einen guten Preis und Globe Plant liefert\u00a0 termingerecht.\u00a0 Um das wir ein kompaktes Unternehmen sind haben Sie direkten Kontakt mit gut ausgebildeten\u00a0 Personal.<\/p>","protected":false},"excerpt":{"rendered":"<p>Globe Plant garantiert Qualit\u00e4t, Anpassungsf\u00e4higkeit und Zuverl\u00e4ssigkeit. Das Unternehmen ist Kundengericht;\u00a0 wir z\u00fcchten unsere Pflanzen nach Ihren Vorstellungen und kommen nach was wir versprechen. Hygiene und Langlebigkeit ist der \u2018Rote Draht\u2019\u2019 in unserem Unternehmen. Qualit\u00e4t Durch neue Maschinen, moderne Gew\u00e4chshausr\u00e4ume und erfahrenes Personal, garantiert\u00a0 Globe Plant gesunde und robuste Jungpflanzen. &#8230;<\/p>\n","protected":false},"author":1,"featured_media":0,"parent":29,"menu_order":1,"comment_status":"closed","ping_status":"closed","template":"","meta":{"footnotes":""},"class_list":["post-31","page","type-page","status-publish","hentry","column","twocol"],"_links":{"self":[{"href":"https:\/\/globeplant.nl\/de\/wp-json\/wp\/v2\/pages\/31","targetHints":{"allow":["GET"]}}],"collection":[{"href":"https:\/\/globeplant.nl\/de\/wp-json\/wp\/v2\/pages"}],"about":[{"href":"https:\/\/globeplant.nl\/de\/wp-json\/wp\/v2\/types\/page"}],"author":[{"embeddable":true,"href":"https:\/\/globeplant.nl\/de\/wp-json\/wp\/v2\/users\/1"}],"replies":[{"embeddable":true,"href":"https:\/\/globeplant.nl\/de\/wp-json\/wp\/v2\/comments?post=31"}],"version-history":[{"count":7,"href":"https:\/\/globeplant.nl\/de\/wp-json\/wp\/v2\/pages\/31\/revisions"}],"predecessor-version":[{"id":2124,"href":"https:\/\/globeplant.nl\/de\/wp-json\/wp\/v2\/pages\/31\/revisions\/2124"}],"up":[{"embeddable":true,"href":"https:\/\/globeplant.nl\/de\/wp-json\/wp\/v2\/pages\/29"}],"wp:attachment":[{"href":"https:\/\/globeplant.nl\/de\/wp-json\/wp\/v2\/media?parent=31"}],"curies":[{"name":"wp","href":"https:\/\/api.w.org\/{rel}","templated":true}]}}