{"id":29,"date":"2016-01-03T13:26:19","date_gmt":"2016-01-03T12:26:19","guid":{"rendered":"http:\/\/127.0.0.1:8080\/wordpress\/?page_id=29"},"modified":"2023-11-21T17:44:51","modified_gmt":"2023-11-21T15:44:51","slug":"plantenkwekerij-globe-plant","status":"publish","type":"page","link":"https:\/\/globeplant.nl\/de\/plantenkwekerij-globe-plant\/","title":{"rendered":"Pflanzeng\u00e4rtnerei Globe Plant"},"content":{"rendered":"<p><img loading=\"lazy\" decoding=\"async\" class=\"alignright wp-image-298 size-full\" src=\"https:\/\/globeplant.nl\/wp-content\/uploads\/2016\/01\/kokommer-e1455552883350.png\" alt=\"Komkommerplant in steenwolpot op hand, Plantenkwekerij Globe Plant\" width=\"400\" height=\"400\" \/><\/p>\n<p>Globe Plant ist ein modernes Familienunternehmen, das spezialisiert ist um langlebige und <a href=\"https:\/\/globeplant.nl\/de\/hygiene\/\">hygienische<\/a> Gem\u00fcsepflanzen mit Topqualit\u00e4t zu z\u00fcchten.<\/p>\n<p>Globe Plant z\u00fcchtet neben Gem\u00fcsepflanzen, auch Ausgangsmaterial f\u00fcr Antirrhinum, Panicum\u00a0 und Gerbera Durora f\u00fcr gro\u00dfe Unternehmen. Wir bieten auch die erweiterte Anbau von Schnitt Gerbera. Bl\u00fchende Topfpflanzen z\u00fcchten wir f\u00fcr der Retail, Gerbera Durora.<\/p>\n<p>Wir wachsen unsere Produkte langlebig mit <a href=\"https:\/\/globeplant.nl\/de\/duurzaam\/\">Geothermie<\/a>.<\/p>\n<h2>International<\/h2>\n<p>Die Niederlanden ist der wichtigsten\u00a0Abnehmermarkt. Weiter Abnehmers von Globe Plant sind Deutschland, Belgien, Frankreich und die Schweiz.\u00a0Mit Gem\u00fcsepflanzen arbeiten wir in der Schweiz mit Granoplant zusammen und in Deutschland haben wir <a href=\"https:\/\/www.volmary.com\/de\/ihr-gartenportal.html\">Volmary<\/a> als Gesch\u00e4ftspartner.<\/p>\n<h6><strong><img loading=\"lazy\" decoding=\"async\" class=\"size-full wp-image-301 alignleft\" src=\"https:\/\/globeplant.nl\/wp-content\/uploads\/2016\/01\/familie.png\" alt=\"Johan, Vera &amp; Paul Grootscholten\" width=\"220\" height=\"220\" srcset=\"https:\/\/globeplant.nl\/wp-content\/uploads\/2016\/01\/familie.png 220w, https:\/\/globeplant.nl\/wp-content\/uploads\/2016\/01\/familie-150x150.png 150w\" sizes=\"auto, (max-width: 220px) 100vw, 220px\" \/><\/strong><\/h6>\n<h6><span style=\"text-decoration: underline;\">Familienunternehmen:<\/span> <em>&#8222;Globe Plant ist ein modernes Familienunternehmen in der Gr\u00f6\u00dfe von 53.000m2 in Vierpolders. Vierpolders\u00a0 befindet sich auf der Sued-Holl\u00e4ndische Insel \u00a0&#8222;Voorne Putten\u201d.\u00a0Bei Globe Plant arbeiten 25 feste Mitarbeiter, 35 Veredler und in der Hauptsaison kommen ungef\u00e4hr 25-50 Leiharbeiter er bei. Das Management bei Globe Plant besteht aus den Geschwistern Johan, Paul und Vera Grootscholten.&#8220;<\/em><\/h6>\n<p>&nbsp;<\/p>","protected":false},"excerpt":{"rendered":"<p>Globe Plant ist ein modernes Familienunternehmen, das spezialisiert ist um langlebige und hygienische Gem\u00fcsepflanzen mit Topqualit\u00e4t zu z\u00fcchten. Globe Plant z\u00fcchtet neben Gem\u00fcsepflanzen, auch Ausgangsmaterial f\u00fcr Antirrhinum, Panicum\u00a0 und Gerbera Durora f\u00fcr gro\u00dfe Unternehmen. Wir bieten auch die erweiterte Anbau von Schnitt Gerbera. Bl\u00fchende Topfpflanzen z\u00fcchten wir f\u00fcr der Retail, &#8230;<\/p>\n","protected":false},"author":1,"featured_media":0,"parent":0,"menu_order":0,"comment_status":"closed","ping_status":"closed","template":"","meta":{"footnotes":""},"class_list":["post-29","page","type-page","status-publish","hentry","column","twocol"],"_links":{"self":[{"href":"https:\/\/globeplant.nl\/de\/wp-json\/wp\/v2\/pages\/29","targetHints":{"allow":["GET"]}}],"collection":[{"href":"https:\/\/globeplant.nl\/de\/wp-json\/wp\/v2\/pages"}],"about":[{"href":"https:\/\/globeplant.nl\/de\/wp-json\/wp\/v2\/types\/page"}],"author":[{"embeddable":true,"href":"https:\/\/globeplant.nl\/de\/wp-json\/wp\/v2\/users\/1"}],"replies":[{"embeddable":true,"href":"https:\/\/globeplant.nl\/de\/wp-json\/wp\/v2\/comments?post=29"}],"version-history":[{"count":18,"href":"https:\/\/globeplant.nl\/de\/wp-json\/wp\/v2\/pages\/29\/revisions"}],"predecessor-version":[{"id":2143,"href":"https:\/\/globeplant.nl\/de\/wp-json\/wp\/v2\/pages\/29\/revisions\/2143"}],"wp:attachment":[{"href":"https:\/\/globeplant.nl\/de\/wp-json\/wp\/v2\/media?parent=29"}],"curies":[{"name":"wp","href":"https:\/\/api.w.org\/{rel}","templated":true}]}}