{"id":26,"date":"2016-01-03T13:23:29","date_gmt":"2016-01-03T12:23:29","guid":{"rendered":"http:\/\/127.0.0.1:8080\/wordpress\/?page_id=26"},"modified":"2023-12-13T12:20:29","modified_gmt":"2023-12-13T10:20:29","slug":"welkom-globe-plant","status":"publish","type":"page","link":"https:\/\/globeplant.nl\/de\/","title":{"rendered":"Wilkommen bei Globe Plant"},"content":{"rendered":"<p><img loading=\"lazy\" decoding=\"async\" class=\"alignright wp-image-354 size-full\" src=\"https:\/\/globeplant.nl\/wp-content\/uploads\/2016\/01\/Logo-GP.png\" alt=\"Globe Plant\" width=\"300\" height=\"149\" \/><\/p>\n<p>Globe Plant ist ein modernes Familienunternehmen, das spezialisiert ist um langlebige und hygienische Gem\u00fcsepflanzen mit Topqualit\u00e4t zu z\u00fcchten.<\/p>\n<p>Ihre W\u00fcnsche mit unsere Erfahrung und Wissen sorgen garantiert f\u00fcr einen sehr guten Anbaustart Ihres Unternehmens. Durch unsere kompakte Organisation kann Globe Plant flexibel auf Ihre W\u00fcnsche und Anbaubed\u00fcrfnisse eingehen.<\/p>\n<p>Globe Plant z\u00fcchtet neben Gem\u00fcsepflanzen, auch Ausgangsmaterial f\u00fcr Antirrhinum, Panicum\u00a0 und Gerbera Durora f\u00fcr gro\u00dfe Unternehmen. Wir bieten auch die erweiterte Anbau von Schnitt Gerbera. Bl\u00fchende Topfpflanzen z\u00fcchten wir f\u00fcr der Retail, Gerbera Durora.<\/p>\n<h2>Langlebig z\u00fcchten<img loading=\"lazy\" decoding=\"async\" class=\"alignright wp-image-356 size-full\" src=\"https:\/\/globeplant.nl\/wp-content\/uploads\/2016\/01\/GEOWELL_LOGO_kleur.png\" alt=\"Globe Plant ist auch ein Mitinitiator van Geo-Well\" width=\"149\" height=\"149\" \/><\/h2>\n<p>Seit Januar 2016 ist Globe Plant angeschlossen an Erdw\u00e4rme und erfolgt unsere Aufzucht aller Produkte langlebig. Das Resultat ist eine Verminderung von 20% an CO2-Ausstoss.\u00a0 Globe Plant\u00a0 arbeitet darum zusammen mit <a href=\"https:\/\/www.geo-well.nl\">Geo-Well<\/a> um Erdw\u00e4rme zu promoten.<\/p>\n<h2><\/h2>\n<p><\/p>","protected":false},"excerpt":{"rendered":"<p>Globe Plant ist ein modernes Familienunternehmen, das spezialisiert ist um langlebige und hygienische Gem\u00fcsepflanzen mit Topqualit\u00e4t zu z\u00fcchten. Ihre W\u00fcnsche mit unsere Erfahrung und Wissen sorgen garantiert f\u00fcr einen sehr guten Anbaustart Ihres Unternehmens. Durch unsere kompakte Organisation kann Globe Plant flexibel auf Ihre W\u00fcnsche und Anbaubed\u00fcrfnisse eingehen. Globe Plant &#8230;<\/p>\n","protected":false},"author":1,"featured_media":202,"parent":0,"menu_order":0,"comment_status":"closed","ping_status":"closed","template":"","meta":{"footnotes":""},"class_list":["post-26","page","type-page","status-publish","has-post-thumbnail","hentry","column","twocol","has-thumbnail"],"_links":{"self":[{"href":"https:\/\/globeplant.nl\/de\/wp-json\/wp\/v2\/pages\/26","targetHints":{"allow":["GET"]}}],"collection":[{"href":"https:\/\/globeplant.nl\/de\/wp-json\/wp\/v2\/pages"}],"about":[{"href":"https:\/\/globeplant.nl\/de\/wp-json\/wp\/v2\/types\/page"}],"author":[{"embeddable":true,"href":"https:\/\/globeplant.nl\/de\/wp-json\/wp\/v2\/users\/1"}],"replies":[{"embeddable":true,"href":"https:\/\/globeplant.nl\/de\/wp-json\/wp\/v2\/comments?post=26"}],"version-history":[{"count":23,"href":"https:\/\/globeplant.nl\/de\/wp-json\/wp\/v2\/pages\/26\/revisions"}],"predecessor-version":[{"id":2162,"href":"https:\/\/globeplant.nl\/de\/wp-json\/wp\/v2\/pages\/26\/revisions\/2162"}],"wp:featuredmedia":[{"embeddable":true,"href":"https:\/\/globeplant.nl\/de\/wp-json\/"}],"wp:attachment":[{"href":"https:\/\/globeplant.nl\/de\/wp-json\/wp\/v2\/media?parent=26"}],"curies":[{"name":"wp","href":"https:\/\/api.w.org\/{rel}","templated":true}]}}