{"id":111,"date":"2016-01-07T12:30:55","date_gmt":"2016-01-07T11:30:55","guid":{"rendered":"http:\/\/127.0.0.1:8080\/wordpress\/?page_id=111"},"modified":"2023-11-07T17:47:28","modified_gmt":"2023-11-07T15:47:28","slug":"onze-producten","status":"publish","type":"page","link":"https:\/\/globeplant.nl\/de\/onze-producten\/","title":{"rendered":"Unsere Produkte"},"content":{"rendered":"<p><img loading=\"lazy\" decoding=\"async\" class=\"alignright wp-image-322 size-full\" src=\"https:\/\/globeplant.nl\/wp-content\/uploads\/2016\/01\/oppotten-e1455552348135.png\" alt=\"Oppotten van paprika's, \u00e9\u00e9n van onze producten\" width=\"400\" height=\"400\" \/>Globe Plant ist eine Pflanzeng\u00e4rtnerei,\u00a0 die spezialisiert\u00a0 ist um\u00a0 <a href=\"https:\/\/globeplant.nl\/de\/onze-producten\/groenteplanten\/\">Gem\u00fcsepflanzen<\/a>\u00a0 zu z\u00fcchten\u00a0 von Topqualit\u00e4t. Die Pflanzen sind langlebig und hygienisch gez\u00fcchtet.<\/p>\n<p>Globe Plant z\u00fcchtet neben Gem\u00fcsepflanzen, auch Ausgangsmaterial f\u00fcr Antirrhinum, Panicum\u00a0 und Gerbera Durora f\u00fcr gro\u00dfe Unternehmen. Wir bieten auch die erweiterte Anbau von Schnitt Gerbera. Bl\u00fchende Topfpflanzen z\u00fcchten wir f\u00fcr der Retail, Gerbera Durora.<\/p>\n<p>Alle Produkte von uns werden langlebig und mit <a href=\"http:\/\/www.geo-well.nl\">Erdw\u00e4rme<\/a> gez\u00fcchtet.<\/p>\n<p><img loading=\"lazy\" decoding=\"async\" class=\"wp-image-307 alignleft\" src=\"https:\/\/globeplant.nl\/wp-content\/uploads\/2016\/01\/johan.png\" alt=\"Johan Grootscholten, algemeen directeur\" width=\"200\" height=\"200\" srcset=\"https:\/\/globeplant.nl\/wp-content\/uploads\/2016\/01\/johan.png 220w, https:\/\/globeplant.nl\/wp-content\/uploads\/2016\/01\/johan-150x150.png 150w\" sizes=\"auto, (max-width: 200px) 100vw, 200px\" \/><\/p>\n<h6><\/h6>\n<h6><\/h6>\n<h6><\/h6>\n<h6><\/h6>\n<h6><span style=\"text-decoration: underline;\">Johan Grootscholten<\/span>,\u00a0General Manager<\/h6>\n<div class=\"toolset\"><\/div>\n<p><\/p>","protected":false},"excerpt":{"rendered":"<p>Globe Plant ist eine Pflanzeng\u00e4rtnerei,\u00a0 die spezialisiert\u00a0 ist um\u00a0 Gem\u00fcsepflanzen\u00a0 zu z\u00fcchten\u00a0 von Topqualit\u00e4t. Die Pflanzen sind langlebig und hygienisch gez\u00fcchtet. Globe Plant z\u00fcchtet neben Gem\u00fcsepflanzen, auch Ausgangsmaterial f\u00fcr Antirrhinum, Panicum\u00a0 und Gerbera Durora f\u00fcr gro\u00dfe Unternehmen. Wir bieten auch die erweiterte Anbau von Schnitt Gerbera. Bl\u00fchende Topfpflanzen z\u00fcchten wir &#8230;<\/p>\n","protected":false},"author":1,"featured_media":0,"parent":0,"menu_order":0,"comment_status":"closed","ping_status":"closed","template":"","meta":{"footnotes":""},"class_list":["post-111","page","type-page","status-publish","hentry","column","twocol"],"_links":{"self":[{"href":"https:\/\/globeplant.nl\/de\/wp-json\/wp\/v2\/pages\/111","targetHints":{"allow":["GET"]}}],"collection":[{"href":"https:\/\/globeplant.nl\/de\/wp-json\/wp\/v2\/pages"}],"about":[{"href":"https:\/\/globeplant.nl\/de\/wp-json\/wp\/v2\/types\/page"}],"author":[{"embeddable":true,"href":"https:\/\/globeplant.nl\/de\/wp-json\/wp\/v2\/users\/1"}],"replies":[{"embeddable":true,"href":"https:\/\/globeplant.nl\/de\/wp-json\/wp\/v2\/comments?post=111"}],"version-history":[{"count":16,"href":"https:\/\/globeplant.nl\/de\/wp-json\/wp\/v2\/pages\/111\/revisions"}],"predecessor-version":[{"id":2138,"href":"https:\/\/globeplant.nl\/de\/wp-json\/wp\/v2\/pages\/111\/revisions\/2138"}],"wp:attachment":[{"href":"https:\/\/globeplant.nl\/de\/wp-json\/wp\/v2\/media?parent=111"}],"curies":[{"name":"wp","href":"https:\/\/api.w.org\/{rel}","templated":true}]}}